{"id":29150,"date":"2024-01-12T14:31:40","date_gmt":"2024-01-12T13:31:40","guid":{"rendered":"https:\/\/pystill.com\/?page_id=29150"},"modified":"2024-01-12T14:55:05","modified_gmt":"2024-01-12T13:55:05","slug":"mentions-legales","status":"publish","type":"page","link":"https:\/\/pystill.com\/en\/mentions-legales","title":{"rendered":"Legal notice &amp; Privacy policy"},"content":{"rendered":"<p>[et_pb_section fb_built=\u00a0\u00bb1&Prime; _builder_version=\u00a0\u00bb4.23.1&Prime; _module_preset=\u00a0\u00bbdefault\u00a0\u00bb global_colors_info=\u00a0\u00bb{}\u00a0\u00bb][et_pb_row _builder_version=\u00a0\u00bb4.23.1&Prime; _module_preset=\u00a0\u00bbdefault\u00a0\u00bb global_colors_info=\u00a0\u00bb{}\u00a0\u00bb][et_pb_column type=\u00a0\u00bb4_4&Prime; _builder_version=\u00a0\u00bb4.23.1&Prime; _module_preset=\u00a0\u00bbdefault\u00a0\u00bb global_colors_info=\u00a0\u00bb{}\u00a0\u00bb][et_pb_heading title=\u00a0\u00bbMentions l\u00e9gales\u00a0\u00bb _builder_version=\u00a0\u00bb4.23.1&Prime; _module_preset=\u00a0\u00bbdefault\u00a0\u00bb global_colors_info=\u00a0\u00bb{}\u00a0\u00bb][\/et_pb_heading][et_pb_text _builder_version=\u00a0\u00bb4.23.1&Prime; _module_preset=\u00a0\u00bbdefault\u00a0\u00bb text_font_size=\u00a0\u00bb18px\u00a0\u00bb global_colors_info=\u00a0\u00bb{}\u00a0\u00bb]<\/p>\n<p><strong>Editeur<\/strong><br \/>PY&rsquo;STILL SAS<br \/>Soci\u00e9t\u00e9 par Actions Simplifi\u00e9es au capital de 20 000\u00a0 \u20ac<br \/>Inscrite au RCS de Tarbes sous le num\u00e9ro 978.791.648<br \/>42 rue du Castelmouly<br \/>65200 Bagn\u00e8res de Bigorre<br \/>FRANCE<\/p>\n<p><strong>Directeur de publication<\/strong><br \/>Adrien Cousy<br \/><a href=\"mailto:contact@pystill.com\">contact@pystill.com<\/a><\/p>\n<p><strong>H\u00e9bergeur : <\/strong>INFOMANIAK<br \/>Soci\u00e9t\u00e9 Infomaniak Network SA,<br \/>Rue Eug\u00e8ne Marziano 25<br \/>1227 Les Acacias (GE) SUISSE<\/p>\n<p>&nbsp;<\/p>\n<p>Les pr\u00e9sentes conditions g\u00e9n\u00e9rales d\u00e9terminent les conditions d&rsquo;utilisation du site internet de l&rsquo;entreprise PY&rsquo;STILL, que vous acceptez du seul fait de la consultation de ce site. Si vous ne les acceptez pas, nous vous demandons de quitter ce site. Les pr\u00e9sentes conditions peuvent \u00eatre modifi\u00e9es \u00e0 tout moment et sans pr\u00e9avis.<\/p>\n<p><strong>Objet du site<\/strong><br \/>Ce site a \u00e9t\u00e9 cr\u00e9\u00e9 pour vous fournir des informations sur l&rsquo;entreprise, son organisation, sa recherche, sa localisation, sa communication. Le site de la soci\u00e9t\u00e9 PY&rsquo;STILL ne saurait constituer une offre contractuelle.<\/p>\n<p>Ces informations ne sauraient \u00eatre interpr\u00e9t\u00e9es comme la recommandation de l&rsquo;utilisation de produits sans l&rsquo;avis d&rsquo;un m\u00e9decin.<\/p>\n<p><strong>Garantie<\/strong><br \/>La soci\u00e9t\u00e9 PY&rsquo;STILL s&rsquo;engage \u00e0 v\u00e9rifier que le contenu de ce site est conforme aux dispositions l\u00e9gales en vigueur. Il s&rsquo;engage notamment \u00e0 ne pas diffuser de donn\u00e9es en violation avec les droits des tiers, \u00e0 caract\u00e8re violent, pornographique ou diffamatoire et \u00e0 ne pas diffuser de contenus illicites, notamment \u00e0 caract\u00e8re raciste, x\u00e9nophobe, p\u00e9dophile ou autrement attentatoire \u00e0 la dignit\u00e9 humaine.<\/p>\n<p>Toutefois, la soci\u00e9t\u00e9 PY&rsquo;STILL ne garantit pas l&rsquo;exactitude, la mise \u00e0 jour et l&rsquo;exhaustivit\u00e9 des informations contenues sur ce site.<\/p>\n<p><strong>Responsabilit\u00e9<\/strong><br \/>La soci\u00e9t\u00e9 PY&rsquo;STILL ne pourra \u00eatre tenue pour responsable :<\/p>\n<ul>\n<li>des dommages r\u00e9sultant directement ou indirectement de la consultation de ce site ou de l&rsquo;utilisation des informations disponibles sur celui-ci ;<\/li>\n<li>des dommages directs ou indirects r\u00e9sultant de l&rsquo;usage de ce site, et notamment de toute perte d&rsquo;exploitation, financi\u00e8re ou commerciale ou perte de programmes ou de donn\u00e9es dans tout syst\u00e8me d&rsquo;information.<\/li>\n<\/ul>\n<p>La soci\u00e9t\u00e9 PY&rsquo;STILL n&rsquo;assumera aucune responsabilit\u00e9 en relation avec des liens vers d&rsquo;autres sites, lesquels ne sont fournis qu&rsquo;\u00e0 titre indicatif. La liaison \u00e0 tout autre site se fait sous votre seule responsabilit\u00e9. La soci\u00e9t\u00e9 PY&rsquo;STILL ne donne aucune caution aux informations disponibles sur ces autres sites et n&rsquo;assumera aucune responsabilit\u00e9 li\u00e9e \u00e0 leur contenu.<\/p>\n<p>La soci\u00e9t\u00e9 PY&rsquo;STILL n&rsquo;est pas responsable des liens hypertextes qui peuvent pointer sur ce site. Toute cr\u00e9ation par un tiers de liens hypertextes en direction de ce site ou de l\u2019une quelconque des pages de ce site n\u00e9cessite l\u2019accord pr\u00e9alable de la soci\u00e9t\u00e9 PY&rsquo;STILL.<\/p>\n<p>La soci\u00e9t\u00e9 PY&rsquo;STILL se r\u00e9serve le droit d\u2019exiger la suppression de ce lien.<\/p>\n<p>La soci\u00e9t\u00e9 PY&rsquo;STILL se r\u00e9serve la possibilit\u00e9, lorsqu\u2019il le souhaite, de modifier, d&rsquo;interrompre temporairement ou de fa\u00e7on permanente, tout ou partie de ce site, sans pr\u00e9avis ni indemnit\u00e9 quelconque. La soci\u00e9t\u00e9 PY&rsquo;STILL ne pourra en aucun cas \u00eatre tenue pour responsable \u00e0 votre encontre ou \u00e0 l&rsquo;encontre d&rsquo;un tiers de toute modification, interruption ou suspension de ce site.<\/p>\n<p><strong>Droits de propri\u00e9t\u00e9 intellectuelle<\/strong><br \/>Toutes les images, tous les textes disponibles sur ce site, tous les noms de produits ou marques mentionn\u00e9s sont la propri\u00e9t\u00e9 exclusive de la soci\u00e9t\u00e9 PY&rsquo;STILL ou lui sont conc\u00e9d\u00e9es en licence.<\/p>\n<p>Vous pouvez t\u00e9l\u00e9charger, afficher ou imprimer les informations disponibles sur ce site pour un usage exclusivement priv\u00e9, \u00e0 des fins non commerciales, sans modifier toute mention relative au droit de propri\u00e9t\u00e9 intellectuelle et en veillant \u00e0 reproduire sur chaque copie qui sera faite la mention suivante : \u00ab\u00a0Ce document provient du site internet de la soci\u00e9t\u00e9 PY&rsquo;STILL (http:\/\/www.pystill.com). Tous les droits de reproduction sont r\u00e9serv\u00e9s\u00a0\u00bb.<\/p>\n<p>Toute utilisation, autre que celle vis\u00e9e ci-dessus, est interdite sauf autorisation pr\u00e9alable et \u00e9crite de la soci\u00e9t\u00e9 PY&rsquo;STILL.<\/p>\n<p><strong>Protection des donn\u00e9es nominatives<\/strong><br \/>Aucune donn\u00e9e personnelle n&rsquo;est collect\u00e9e \u00e0 votre insu. Le\u00a0Groupe Pierre Fabre est amen\u00e9\u00a0\u00e0 collecter des informations anonymes, telles que les recherches que vous effectuez. Ces informations ne sont utilis\u00e9es qu&rsquo;\u00e0 des fins statistiques.<\/p>\n<p>Internet \u00e9tant un r\u00e9seau ouvert, la soci\u00e9t\u00e9 PY&rsquo;STILL ne peut garantir que ces donn\u00e9es ne seront pas d\u00e9tourn\u00e9es par des tiers.<\/p>\n<p><strong>Droit applicable &amp; Tribunaux comp\u00e9tents<\/strong><br \/>Les pr\u00e9sentes conditions g\u00e9n\u00e9rales sont soumises au droit fran\u00e7ais. A d\u00e9faut de r\u00e8glement amiable, les tribunaux fran\u00e7ais auront comp\u00e9tence pour trancher tout litige li\u00e9 au non respect des pr\u00e9sentes.<\/p>\n<p>[\/et_pb_text][\/et_pb_column][\/et_pb_row][et_pb_row _builder_version=\u00a0\u00bb4.23.1&Prime; _module_preset=\u00a0\u00bbdefault\u00a0\u00bb hover_enabled=\u00a0\u00bb0&Prime; sticky_enabled=\u00a0\u00bb0&Prime;][et_pb_column _builder_version=\u00a0\u00bb4.23.1&Prime; _module_preset=\u00a0\u00bbdefault\u00a0\u00bb type=\u00a0\u00bb4_4&Prime;][et_pb_text _builder_version=\u00a0\u00bb4.23.1&Prime; _module_preset=\u00a0\u00bbdefault\u00a0\u00bb hover_enabled=\u00a0\u00bb0&Prime; sticky_enabled=\u00a0\u00bb0&Prime; text_font_size=\u00a0\u00bb18px\u00a0\u00bb]<\/p>\n<h1>Politique de confidentialit\u00e9<\/h1>\n<p>&nbsp;<\/p>\n<p class=\"\"><b class=\"\">Introduction<\/b><\/p>\n<p class=\"\"><span class=\"\">Dans le cadre de son activit\u00e9, la SAS PY&rsquo;STILL, dont le si\u00e8ge social est situ\u00e9 au 42 rue du CAstelmouly 65200 Bagn\u00e8res de Bigorre (FRANCE), est amen\u00e9e \u00e0 collecter et \u00e0 traiter des informations dont certaines sont qualifi\u00e9es de \u00ab\u00a0donn\u00e9es personnelles\u00a0\u00bb.<\/span><\/p>\n<p class=\"\"><b class=\"\">Base l\u00e9gale<\/b><\/p>\n<p class=\"\"><span class=\"\">Les donn\u00e9es personnelles sont collect\u00e9es apr\u00e8s consentement obligatoire de l\u2019utilisateur. Ce consentement est recueilli, libre, clair et sans \u00e9quivoque. Nous utilisons ces donn\u00e9es afin de traiter les informations clients selon acceptation.\u00a0<\/span><\/p>\n<p class=\"\"><b class=\"\">Donn\u00e9es personnelles<\/b><\/p>\n<p class=\"\"><span class=\"\">Sur le site web https:\/\/www.pystill.com, 2 types de donn\u00e9es sont susceptibles d\u2019\u00eatre recueillies :<\/span><\/p>\n<p class=\"\"><span class=\"\">Les donn\u00e9es transmises directement par le client<\/span><\/p>\n<ul class=\"\">\n<li class=\"\"><span class=\"\">votre identit\u00e9 (civilit\u00e9, nom, pr\u00e9nom, adresse, num\u00e9ro de t\u00e9l\u00e9phone, adresse email);<\/span><\/li>\n<\/ul>\n<p class=\"\"><span class=\"\">Les donn\u00e9es collect\u00e9es automatiquement (cookie). Les cookies sont de petits fichiers stock\u00e9s dans votre navigateur et\/ou dans votre ordinateur quand vous visitez certains sites internet. Une fois votre consentement donn\u00e9, les cookies nous permettent de recueillir les informations relatives \u00e0 la fa\u00e7on dont vous utilisez le site https:\/\/www.pystill.com (dur\u00e9e de session, tracker les pages visit\u00e9es via Google Analytics, adresse IP, type et version du navigateur utilis\u00e9). Ces donn\u00e9es sont utilis\u00e9es par la SAS PY&rsquo;STILL, responsable du traitement des donn\u00e9es, et ne seront jamais c\u00e9d\u00e9es \u00e0 un tiers ni utilis\u00e9es \u00e0 d\u2019autres fins que celles d\u00e9taill\u00e9es ci-dessus.<\/span><\/p>\n<p class=\"\"><span class=\"\">Nous ne conservons aucune information nous permettant de vous identifier personnellement.\u00a0<\/span><\/p>\n<p class=\"\"><b class=\"\">Conditions de collecte et de traitement des donn\u00e9es<\/b><\/p>\n<p class=\"\"><span class=\"\">La SAS PY&rsquo;STILL est destinataire de l\u2019ensemble des cat\u00e9gories de donn\u00e9es. Les donn\u00e9es transmises directement sont utilis\u00e9es dans le but de<span>\u00a0<\/span><\/span><span class=\"\">vous (re)contacter.<\/span><span class=\"\">\u00a0<\/span><\/p>\n<p class=\"\"><b class=\"\">Cookies<\/b><\/p>\n<p class=\"\"><span class=\"\">Nous utilisons les cookies afin de m\u00e9moriser :<\/span><\/p>\n<ul class=\"\">\n<li class=\"\"><span class=\"\">vos pr\u00e9f\u00e9rences de navigation (langue, police, etc.);<\/span><\/li>\n<li class=\"\"><span class=\"\">mesurer notre audience en collectant les informations d\u2019analyse via Cookie Google Analytics.<\/span><\/li>\n<\/ul>\n<p class=\"\"><span class=\"\">A noter: except\u00e9 un param\u00e9trage refusant les cookies dans votre navigateur, https:\/\/www.pystill.com \u00e9mettra des cookies d\u00e8s que vous naviguerez sur notre site.<\/span><\/p>\n<p class=\"\"><b class=\"\">Vos droits concernant les donn\u00e9es personnelles<\/b><\/p>\n<p class=\"\"><span class=\"\">Vous pouvez consulter, modifier, rectifier et\/ou effacer l\u2019ensemble de vos donn\u00e9es personnelles. Vous disposez \u00e9galement d\u2019un droit \u00e0 la limitation de l\u2019utilisation, d\u2019un droit \u00e0 la portabilit\u00e9 et d\u2019un droit de retrait de votre consentement au traitement de vos donn\u00e9es personnelles. Vous pouvez nous contacter par email: <a href=\"mailto:contact@pystill.com\">contact@pystill.com<\/a> <\/span><span class=\"\">ou par voie postale pour exercer ces droits ou pour toute question sur le traitement de vos donn\u00e9es dans ce dispositif.<\/span><\/p>\n<p class=\"\"><b class=\"\">Contacter la CNIL<\/b><\/p>\n<p class=\"\"><span class=\"\">En savoir plus sur les cookies : <a href=\"http:\/\/www.cnil.fr\/vos-libertes\/vos-traces\/les-cookies\/\">http:\/\/www.cnil.fr\/vos-libertes\/vos-traces\/les-cookies\/<\/a><\/span><\/p>\n<p class=\"\"><span class=\"\"><a href=\"https:\/\/www.economie.gouv.fr\/entreprises\/reglement-general-protection-donnees-rgpd\">Le r\u00e8glement g\u00e9n\u00e9ral sur la protection des donn\u00e9es (RGPD), mode d\u2019emploi | economie.gouv.fr<\/a><\/span><\/p>\n<p>[\/et_pb_text][\/et_pb_column][\/et_pb_row][\/et_pb_section]<\/p>","protected":false},"excerpt":{"rendered":"<p>EditeurPY&rsquo;STILL SASSoci\u00e9t\u00e9 par Actions Simplifi\u00e9es au capital de 20 000\u00a0 \u20acInscrite au RCS de Tarbes sous le num\u00e9ro 978.791.64842 rue du Castelmouly65200 Bagn\u00e8res de BigorreFRANCE Directeur de publicationAdrien Cousycontact@pystill.com H\u00e9bergeur : INFOMANIAKSoci\u00e9t\u00e9 Infomaniak Network SA,Rue Eug\u00e8ne Marziano 251227 Les Acacias (GE) SUISSE &nbsp; Les pr\u00e9sentes conditions g\u00e9n\u00e9rales d\u00e9terminent les conditions d&rsquo;utilisation du site internet de [&hellip;]<\/p>","protected":false},"author":1,"featured_media":0,"parent":0,"menu_order":0,"comment_status":"closed","ping_status":"closed","template":"","meta":{"_et_pb_use_builder":"on","_et_pb_old_content":"","_et_gb_content_width":"","footnotes":""},"class_list":["post-29150","page","type-page","status-publish","hentry"],"yoast_head":"<!-- This site is optimized with the Yoast SEO plugin v26.8 - https:\/\/yoast.com\/product\/yoast-seo-wordpress\/ -->\n<title>Mentions l\u00e9gales &amp; Politique de confidentialit\u00e9 - PY&#039;STILL<\/title>\n<meta name=\"robots\" content=\"index, follow, max-snippet:-1, max-image-preview:large, max-video-preview:-1\" \/>\n<link rel=\"canonical\" href=\"https:\/\/pystill.com\/en\/mentions-legales\/\" \/>\n<meta property=\"og:locale\" content=\"en_GB\" \/>\n<meta property=\"og:type\" content=\"article\" \/>\n<meta property=\"og:title\" content=\"Mentions l\u00e9gales &amp; Politique de confidentialit\u00e9 - PY&#039;STILL\" \/>\n<meta property=\"og:description\" content=\"EditeurPY&#039;STILL SASSoci\u00e9t\u00e9 par Actions Simplifi\u00e9es au capital de 20 000\u00a0 \u20acInscrite au RCS de Tarbes sous le num\u00e9ro 978.791.64842 rue du Castelmouly65200 Bagn\u00e8res de BigorreFRANCE Directeur de publicationAdrien Cousycontact@pystill.com H\u00e9bergeur : INFOMANIAKSoci\u00e9t\u00e9 Infomaniak Network SA,Rue Eug\u00e8ne Marziano 251227 Les Acacias (GE) SUISSE &nbsp; Les pr\u00e9sentes conditions g\u00e9n\u00e9rales d\u00e9terminent les conditions d&#039;utilisation du site internet de [&hellip;]\" \/>\n<meta property=\"og:url\" content=\"https:\/\/pystill.com\/en\/mentions-legales\/\" \/>\n<meta property=\"og:site_name\" content=\"PY&#039;STILL\" \/>\n<meta property=\"article:modified_time\" content=\"2024-01-12T13:55:05+00:00\" \/>\n<meta name=\"twitter:card\" content=\"summary_large_image\" \/>\n<meta name=\"twitter:label1\" content=\"Estimated reading time\" \/>\n\t<meta name=\"twitter:data1\" content=\"7 minutes\" \/>\n<script type=\"application\/ld+json\" class=\"yoast-schema-graph\">{\"@context\":\"https:\/\/schema.org\",\"@graph\":[{\"@type\":\"WebPage\",\"@id\":\"https:\/\/pystill.com\/mentions-legales\",\"url\":\"https:\/\/pystill.com\/mentions-legales\",\"name\":\"Mentions l\u00e9gales & Politique de confidentialit\u00e9 - PY&#039;STILL\",\"isPartOf\":{\"@id\":\"https:\/\/pystill.com\/#website\"},\"datePublished\":\"2024-01-12T13:31:40+00:00\",\"dateModified\":\"2024-01-12T13:55:05+00:00\",\"breadcrumb\":{\"@id\":\"https:\/\/pystill.com\/mentions-legales#breadcrumb\"},\"inLanguage\":\"en-GB\",\"potentialAction\":[{\"@type\":\"ReadAction\",\"target\":[\"https:\/\/pystill.com\/mentions-legales\"]}]},{\"@type\":\"BreadcrumbList\",\"@id\":\"https:\/\/pystill.com\/mentions-legales#breadcrumb\",\"itemListElement\":[{\"@type\":\"ListItem\",\"position\":1,\"name\":\"Accueil\",\"item\":\"https:\/\/pystill.com\/\"},{\"@type\":\"ListItem\",\"position\":2,\"name\":\"Mentions l\u00e9gales &#038; Politique de confidentialit\u00e9\"}]},{\"@type\":\"WebSite\",\"@id\":\"https:\/\/pystill.com\/#website\",\"url\":\"https:\/\/pystill.com\/\",\"name\":\"PY'STILL\",\"description\":\"Hydrolats &amp; Ecoextraction\",\"publisher\":{\"@id\":\"https:\/\/pystill.com\/#organization\"},\"potentialAction\":[{\"@type\":\"SearchAction\",\"target\":{\"@type\":\"EntryPoint\",\"urlTemplate\":\"https:\/\/pystill.com\/?s={search_term_string}\"},\"query-input\":{\"@type\":\"PropertyValueSpecification\",\"valueRequired\":true,\"valueName\":\"search_term_string\"}}],\"inLanguage\":\"en-GB\"},{\"@type\":\"Organization\",\"@id\":\"https:\/\/pystill.com\/#organization\",\"name\":\"PY'STILL\",\"url\":\"https:\/\/pystill.com\/\",\"logo\":{\"@type\":\"ImageObject\",\"inLanguage\":\"en-GB\",\"@id\":\"https:\/\/pystill.com\/#\/schema\/logo\/image\/\",\"url\":\"https:\/\/pystill.com\/wp-content\/uploads\/2024\/01\/Logo-Py_still-RVB_BASLINE-Menthe-sclair-scaled.jpg\",\"contentUrl\":\"https:\/\/pystill.com\/wp-content\/uploads\/2024\/01\/Logo-Py_still-RVB_BASLINE-Menthe-sclair-scaled.jpg\",\"width\":2560,\"height\":1440,\"caption\":\"PY'STILL\"},\"image\":{\"@id\":\"https:\/\/pystill.com\/#\/schema\/logo\/image\/\"},\"sameAs\":[\"https:\/\/www.linkedin.com\/in\/adrien-cousy\"]}]}<\/script>\n<!-- \/ Yoast SEO plugin. -->","yoast_head_json":{"title":"Mentions l\u00e9gales & Politique de confidentialit\u00e9 - PY&#039;STILL","robots":{"index":"index","follow":"follow","max-snippet":"max-snippet:-1","max-image-preview":"max-image-preview:large","max-video-preview":"max-video-preview:-1"},"canonical":"https:\/\/pystill.com\/en\/mentions-legales\/","og_locale":"en_GB","og_type":"article","og_title":"Mentions l\u00e9gales & Politique de confidentialit\u00e9 - PY&#039;STILL","og_description":"EditeurPY'STILL SASSoci\u00e9t\u00e9 par Actions Simplifi\u00e9es au capital de 20 000\u00a0 \u20acInscrite au RCS de Tarbes sous le num\u00e9ro 978.791.64842 rue du Castelmouly65200 Bagn\u00e8res de BigorreFRANCE Directeur de publicationAdrien Cousycontact@pystill.com H\u00e9bergeur : INFOMANIAKSoci\u00e9t\u00e9 Infomaniak Network SA,Rue Eug\u00e8ne Marziano 251227 Les Acacias (GE) SUISSE &nbsp; Les pr\u00e9sentes conditions g\u00e9n\u00e9rales d\u00e9terminent les conditions d'utilisation du site internet de [&hellip;]","og_url":"https:\/\/pystill.com\/en\/mentions-legales\/","og_site_name":"PY&#039;STILL","article_modified_time":"2024-01-12T13:55:05+00:00","twitter_card":"summary_large_image","twitter_misc":{"Estimated reading time":"7 minutes"},"schema":{"@context":"https:\/\/schema.org","@graph":[{"@type":"WebPage","@id":"https:\/\/pystill.com\/mentions-legales","url":"https:\/\/pystill.com\/mentions-legales","name":"Mentions l\u00e9gales & Politique de confidentialit\u00e9 - PY&#039;STILL","isPartOf":{"@id":"https:\/\/pystill.com\/#website"},"datePublished":"2024-01-12T13:31:40+00:00","dateModified":"2024-01-12T13:55:05+00:00","breadcrumb":{"@id":"https:\/\/pystill.com\/mentions-legales#breadcrumb"},"inLanguage":"en-GB","potentialAction":[{"@type":"ReadAction","target":["https:\/\/pystill.com\/mentions-legales"]}]},{"@type":"BreadcrumbList","@id":"https:\/\/pystill.com\/mentions-legales#breadcrumb","itemListElement":[{"@type":"ListItem","position":1,"name":"Accueil","item":"https:\/\/pystill.com\/"},{"@type":"ListItem","position":2,"name":"Mentions l\u00e9gales &#038; Politique de confidentialit\u00e9"}]},{"@type":"WebSite","@id":"https:\/\/pystill.com\/#website","url":"https:\/\/pystill.com\/","name":"PY'STILL","description":"Hydrolats &amp; Ecoextraction","publisher":{"@id":"https:\/\/pystill.com\/#organization"},"potentialAction":[{"@type":"SearchAction","target":{"@type":"EntryPoint","urlTemplate":"https:\/\/pystill.com\/?s={search_term_string}"},"query-input":{"@type":"PropertyValueSpecification","valueRequired":true,"valueName":"search_term_string"}}],"inLanguage":"en-GB"},{"@type":"Organization","@id":"https:\/\/pystill.com\/#organization","name":"PY'STILL","url":"https:\/\/pystill.com\/","logo":{"@type":"ImageObject","inLanguage":"en-GB","@id":"https:\/\/pystill.com\/#\/schema\/logo\/image\/","url":"https:\/\/pystill.com\/wp-content\/uploads\/2024\/01\/Logo-Py_still-RVB_BASLINE-Menthe-sclair-scaled.jpg","contentUrl":"https:\/\/pystill.com\/wp-content\/uploads\/2024\/01\/Logo-Py_still-RVB_BASLINE-Menthe-sclair-scaled.jpg","width":2560,"height":1440,"caption":"PY'STILL"},"image":{"@id":"https:\/\/pystill.com\/#\/schema\/logo\/image\/"},"sameAs":["https:\/\/www.linkedin.com\/in\/adrien-cousy"]}]}},"_links":{"self":[{"href":"https:\/\/pystill.com\/en\/wp-json\/wp\/v2\/pages\/29150","targetHints":{"allow":["GET"]}}],"collection":[{"href":"https:\/\/pystill.com\/en\/wp-json\/wp\/v2\/pages"}],"about":[{"href":"https:\/\/pystill.com\/en\/wp-json\/wp\/v2\/types\/page"}],"author":[{"embeddable":true,"href":"https:\/\/pystill.com\/en\/wp-json\/wp\/v2\/users\/1"}],"replies":[{"embeddable":true,"href":"https:\/\/pystill.com\/en\/wp-json\/wp\/v2\/comments?post=29150"}],"version-history":[{"count":0,"href":"https:\/\/pystill.com\/en\/wp-json\/wp\/v2\/pages\/29150\/revisions"}],"wp:attachment":[{"href":"https:\/\/pystill.com\/en\/wp-json\/wp\/v2\/media?parent=29150"}],"curies":[{"name":"wp","href":"https:\/\/api.w.org\/{rel}","templated":true}]}}