{"id":28962,"date":"2024-01-11T16:03:12","date_gmt":"2024-01-11T15:03:12","guid":{"rendered":"https:\/\/pystill.com\/?page_id=28962"},"modified":"2025-06-03T14:38:28","modified_gmt":"2025-06-03T12:38:28","slug":"sourcing-et-produits-hydrolats","status":"publish","type":"page","link":"https:\/\/pystill.com\/en\/sourcing-et-produits-hydrolats","title":{"rendered":"Sourcing &amp; Products"},"content":{"rendered":"<p>[et_pb_section fb_built=\u00a0\u00bb1&Prime; _builder_version=\u00a0\u00bb4.23.1&Prime; background_color=\u00a0\u00bb#FFFFFF\u00a0\u00bb custom_padding=\u00a0\u00bb||8px|||\u00a0\u00bb global_colors_info=\u00a0\u00bb{}\u00a0\u00bb][et_pb_row custom_padding_last_edited=\u00a0\u00bbon|phone\u00a0\u00bb _builder_version=\u00a0\u00bb4.23.1&Prime; background_color=\u00a0\u00bb#0C2623&Prime; background_image=\u00a0\u00bbhttp:\/\/webmyday.eu\/wp-content\/uploads\/2019\/05\/header_montagne-4.svg\u00a0\u00bb width=\u00a0\u00bb100%\u00a0\u00bb max_width=\u00a0\u00bb100%\u00a0\u00bb custom_margin=\u00a0\u00bb-53px||||false|false\u00a0\u00bb custom_padding=\u00a0\u00bb52px||52px||true|false\u00a0\u00bb custom_padding_tablet=\u00a0\u00bb150px||150px||true|false\u00a0\u00bb custom_padding_phone=\u00a0\u00bb100px||100px||true|false\u00a0\u00bb border_width_all=\u00a0\u00bb30px\u00a0\u00bb border_color_all=\u00a0\u00bb#076759&Prime; global_colors_info=\u00a0\u00bb{}\u00a0\u00bb][et_pb_column type=\u00a0\u00bb4_4&Prime; _builder_version=\u00a0\u00bb4.16&Prime; global_colors_info=\u00a0\u00bb{}\u00a0\u00bb][et_pb_text _builder_version=\u00a0\u00bb4.23.1&Prime; text_font=\u00a0\u00bbBona Nova||||||||\u00a0\u00bb text_text_color=\u00a0\u00bb#EDE9E1&Prime; text_font_size=\u00a0\u00bb41px\u00a0\u00bb text_line_height=\u00a0\u00bb1.3em\u00a0\u00bb header_font=\u00a0\u00bbBona Nova|900|||||||\u00a0\u00bb header_text_align=\u00a0\u00bbcenter\u00a0\u00bb header_text_color=\u00a0\u00bb#EDE9E1&Prime; header_font_size=\u00a0\u00bb40px\u00a0\u00bb header_line_height=\u00a0\u00bb1.3em\u00a0\u00bb text_orientation=\u00a0\u00bbcenter\u00a0\u00bb text_font_size_tablet=\u00a0\u00bb18px\u00a0\u00bb text_font_size_phone=\u00a0\u00bb18px\u00a0\u00bb text_font_size_last_edited=\u00a0\u00bbon|phone\u00a0\u00bb header_font_size_tablet=\u00a0\u00bb28px\u00a0\u00bb header_font_size_phone=\u00a0\u00bb18px\u00a0\u00bb header_font_size_last_edited=\u00a0\u00bbon|tablet\u00a0\u00bb global_colors_info=\u00a0\u00bb{}\u00a0\u00bb]<\/p>\n<h1>Hydrodistillation from the heart of Pyrenees<\/h1>\n<p><span><em>Sourcing and Products<\/em><\/span><\/p>\n<p><span><em><\/em><\/span><\/p>\n<p>[\/et_pb_text][et_pb_button button_url=\u00a0\u00bbhttps:\/\/pystill.com\/wp-content\/uploads\/2025\/06\/PYSTiLL-Brochure_A4-8p_FR_BD.pdf\u00a0\u00bb url_new_window=\u00a0\u00bbon\u00a0\u00bb button_text=\u00a0\u00bbPORTFOLIO\u00a0\u00bb button_alignment=\u00a0\u00bbcenter\u00a0\u00bb _builder_version=\u00a0\u00bb4.23.1&Prime; _module_preset=\u00a0\u00bbdefault\u00a0\u00bb custom_margin=\u00a0\u00bb10px||39px|||\u00a0\u00bb hover_enabled=\u00a0\u00bb0&Prime; global_colors_info=\u00a0\u00bb{}\u00a0\u00bb sticky_enabled=\u00a0\u00bb0&Prime;][\/et_pb_button][et_pb_button button_url=\u00a0\u00bbhttps:\/\/zcform.eu\/VBhhb\u00a0\u00bb url_new_window=\u00a0\u00bbon\u00a0\u00bb button_text=\u00a0\u00bbContact\u00a0\u00bb button_alignment=\u00a0\u00bbcenter\u00a0\u00bb _builder_version=\u00a0\u00bb4.23.1&Prime; button_text_color=\u00a0\u00bb#FFFFFF\u00a0\u00bb button_bg_color=\u00a0\u00bb#767622&Prime; button_border_width=\u00a0\u00bb6px\u00a0\u00bb button_border_color=\u00a0\u00bb#767622&Prime; button_border_radius=\u00a0\u00bb6px\u00a0\u00bb button_font=\u00a0\u00bbLato|700|||||||\u00a0\u00bb global_colors_info=\u00a0\u00bb{}\u00a0\u00bb][\/et_pb_button][\/et_pb_column][\/et_pb_row][et_pb_row _builder_version=\u00a0\u00bb4.23.1&Prime; _module_preset=\u00a0\u00bbdefault\u00a0\u00bb background_color=\u00a0\u00bb#076759&Prime; custom_padding=\u00a0\u00bb0px|||||\u00a0\u00bb border_width_all=\u00a0\u00bb16px\u00a0\u00bb border_color_all=\u00a0\u00bb#076759&Prime; box_shadow_style=\u00a0\u00bbpreset2&Prime; global_colors_info=\u00a0\u00bb{}\u00a0\u00bb][et_pb_column type=\u00a0\u00bb4_4&Prime; _builder_version=\u00a0\u00bb4.23.1&Prime; _module_preset=\u00a0\u00bbdefault\u00a0\u00bb global_colors_info=\u00a0\u00bb{}\u00a0\u00bb][et_pb_nextend_smart_slider_3 slider=\u00a0\u00bb2&Prime; _builder_version=\u00a0\u00bb4.23.1&Prime; _module_preset=\u00a0\u00bbdefault\u00a0\u00bb global_colors_info=\u00a0\u00bb{}\u00a0\u00bb][\/et_pb_nextend_smart_slider_3][\/et_pb_column][\/et_pb_row][et_pb_row _builder_version=\u00a0\u00bb4.23.1&Prime; _module_preset=\u00a0\u00bbdefault\u00a0\u00bb global_colors_info=\u00a0\u00bb{}\u00a0\u00bb][et_pb_column type=\u00a0\u00bb4_4&Prime; _builder_version=\u00a0\u00bb4.23.1&Prime; _module_preset=\u00a0\u00bbdefault\u00a0\u00bb global_colors_info=\u00a0\u00bb{}\u00a0\u00bb][et_pb_text _builder_version=\u00a0\u00bb4.23.1&Prime; _module_preset=\u00a0\u00bbdefault\u00a0\u00bb text_font=\u00a0\u00bbMontserrat||||||||\u00a0\u00bb text_font_size=\u00a0\u00bb19px\u00a0\u00bb text_line_height=\u00a0\u00bb1.6em\u00a0\u00bb module_alignment=\u00a0\u00bbcenter\u00a0\u00bb custom_margin=\u00a0\u00bb||-1px|||\u00a0\u00bb custom_padding=\u00a0\u00bb19px|||||\u00a0\u00bb global_colors_info=\u00a0\u00bb{}\u00a0\u00bb]<\/p>\n<h2 style=\"text-align: center;\"><strong>Hydrolats de sp\u00e9cialit\u00e9<\/strong><\/h2>\n<p style=\"text-align: center;\">Nos hydrolats d&rsquo;Hamam\u00e9lis et nos eaux florales de Bleuet sont issus d&rsquo;hydrodistillation. Contrairement \u00e0 la distillation par g\u00e9n\u00e9rateur de vapeur externe d\u00e9di\u00e9e \u00e0 la production d&rsquo;huiles essentielles, ici, l&rsquo;hydrolat n&rsquo;est pas un coproduit de l&rsquo;huile essentielle. La fraction extr\u00eamement faible d&rsquo;huile essentielle contenue dans ces plantes sp\u00e9cifiquement choisies est donc solubilis\u00e9e dans l&rsquo;hydrolat.<\/p>\n<p>[\/et_pb_text][et_pb_divider show_divider=\u00a0\u00bboff\u00a0\u00bb _builder_version=\u00a0\u00bb4.23.1&Prime; _module_preset=\u00a0\u00bbdefault\u00a0\u00bb background_image=\u00a0\u00bbhttps:\/\/pystill.com\/wp-content\/uploads\/2024\/03\/Logo-Py_still-RVB_ICONE-Menthe-moyen.png\u00a0\u00bb background_size=\u00a0\u00bbcontain\u00a0\u00bb width=\u00a0\u00bb100%\u00a0\u00bb max_width=\u00a0\u00bb100%\u00a0\u00bb module_alignment=\u00a0\u00bbcenter\u00a0\u00bb min_height=\u00a0\u00bb100px\u00a0\u00bb custom_padding=\u00a0\u00bb19px||19px||true|false\u00a0\u00bb global_colors_info=\u00a0\u00bb{}\u00a0\u00bb][\/et_pb_divider][et_pb_text _builder_version=\u00a0\u00bb4.23.1&Prime; _module_preset=\u00a0\u00bbdefault\u00a0\u00bb text_font=\u00a0\u00bbMontserrat||||||||\u00a0\u00bb text_font_size=\u00a0\u00bb19px\u00a0\u00bb text_line_height=\u00a0\u00bb1.6em\u00a0\u00bb module_alignment=\u00a0\u00bbcenter\u00a0\u00bb custom_margin=\u00a0\u00bb||-1px|||\u00a0\u00bb custom_padding=\u00a0\u00bb19px|||||\u00a0\u00bb global_colors_info=\u00a0\u00bb{}\u00a0\u00bb]<\/p>\n<h2 style=\"text-align: center;\"><strong>Hydrolats aromatiques de plantes locales<\/strong><\/h2>\n<p style=\"text-align: center;\">D\u00e8s la premi\u00e8re ann\u00e9e d&rsquo;activit\u00e9 de PY&rsquo;STiLL, nous avons eu \u00e0 coeur de d\u00e9velopper des protocoles de distillations \u00e0 partir de plantes pyr\u00e9neennes et plus largement du Sud-Ouest pour certaines. Avec un alambic d\u00e9di\u00e9 \u00e0 la fabrication d&rsquo;hydrolats aromatiques s\u00e9par\u00e9s de l&rsquo;Huile Essentielle, nous diversifions ainsi nos propositions pour une utilisation cosm\u00e9tique ou alimentaire. La qualit\u00e9 du sourcing des plantes et une distillation douce permettent de tirer le meilleur de la nature tout en favorisant la biodiversit\u00e9.\u00a0<\/p>\n<p>[\/et_pb_text][et_pb_divider show_divider=\u00a0\u00bboff\u00a0\u00bb _builder_version=\u00a0\u00bb4.23.1&Prime; _module_preset=\u00a0\u00bbdefault\u00a0\u00bb background_image=\u00a0\u00bbhttps:\/\/pystill.com\/wp-content\/uploads\/2024\/03\/Logo-Py_still-RVB_ICONE-Menthe-moyen.png\u00a0\u00bb background_size=\u00a0\u00bbcontain\u00a0\u00bb width=\u00a0\u00bb100%\u00a0\u00bb max_width=\u00a0\u00bb100%\u00a0\u00bb module_alignment=\u00a0\u00bbcenter\u00a0\u00bb min_height=\u00a0\u00bb100px\u00a0\u00bb custom_padding=\u00a0\u00bb19px||19px||true|false\u00a0\u00bb global_colors_info=\u00a0\u00bb{}\u00a0\u00bb][\/et_pb_divider][et_pb_text _builder_version=\u00a0\u00bb4.23.1&Prime; _module_preset=\u00a0\u00bbdefault\u00a0\u00bb global_colors_info=\u00a0\u00bb{}\u00a0\u00bb]<\/p>\n<h3 style=\"text-align: center;\">\u2193\u00a0 Parcourez notre brochure 2025\u00a0 \u2193<\/h3>\n<p>[\/et_pb_text][et_pb_button button_url=\u00a0\u00bbhttps:\/\/pystill.com\/wp-content\/uploads\/2025\/03\/PYSTiLL_A4-8p_BD.pdf\u00a0\u00bb url_new_window=\u00a0\u00bbon\u00a0\u00bb button_text=\u00a0\u00bbBROCHURE\u00a0\u00bb button_alignment=\u00a0\u00bbcenter\u00a0\u00bb _builder_version=\u00a0\u00bb4.23.1&Prime; _module_preset=\u00a0\u00bbdefault\u00a0\u00bb global_colors_info=\u00a0\u00bb{}\u00a0\u00bb][\/et_pb_button][et_pb_text _builder_version=\u00a0\u00bb4.23.1&Prime; _module_preset=\u00a0\u00bbdefault\u00a0\u00bb text_font=\u00a0\u00bbMontserrat||||||||\u00a0\u00bb text_font_size=\u00a0\u00bb18px\u00a0\u00bb text_line_height=\u00a0\u00bb1.5em\u00a0\u00bb custom_margin=\u00a0\u00bb10px||||false|false\u00a0\u00bb global_colors_info=\u00a0\u00bb{}\u00a0\u00bb]<\/p>\n<p>Below, find our products with our suggestions for hydrolats and aqueous extracts. 3 possibilities:<\/p>\n<p><strong>\u00a0 Production<\/strong>: \u00e9chantillons et dossier cosm\u00e9tique disponibles. Lots conditionn\u00e9s en bouteilles d&rsquo;1 Litre, en jerricans de 5L et 20L voire en IBC pour nos hydrolats de sp\u00e9cialit\u00e9. Sans conservateurs filtr\u00e9s et conditionn\u00e9s st\u00e9rilement ou sur mesure.<\/p>\n<p><strong>\u00a0 Development<\/strong>: depending on the product, some points are still under development. Sourcing has been validated and we can respond to your requests with an associated lead time. A new steam still is currently being installed for the production of essential oils and aromatic hydrolats from the Pyrenees...<\/p>\n<p><strong>\u00a0 On demand<\/strong>: you have an hydrolat need with a targetted plant. We look for the best sourcing near the Pyrenees (France or Spain) and get back to you. Contact us to describe your requirements.<\/p>\n<p>[\/et_pb_text][et_pb_portfolio fullwidth=\u00a0\u00bboff\u00a0\u00bb _builder_version=\u00a0\u00bb4.23.1&Prime; _module_preset=\u00a0\u00bbdefault\u00a0\u00bb title_font_size=\u00a0\u00bb20px\u00a0\u00bb caption_font_size=\u00a0\u00bb16px\u00a0\u00bb global_colors_info=\u00a0\u00bb{}\u00a0\u00bb][\/et_pb_portfolio][\/et_pb_column][\/et_pb_row][et_pb_row make_equal=\u00a0\u00bbon\u00a0\u00bb _builder_version=\u00a0\u00bb4.23.1&Prime; background_color=\u00a0\u00bb#FFFFFF\u00a0\u00bb background_size=\u00a0\u00bbinitial\u00a0\u00bb background_position=\u00a0\u00bbtop_left\u00a0\u00bb background_repeat=\u00a0\u00bbrepeat\u00a0\u00bb max_width=\u00a0\u00bb1280px\u00a0\u00bb custom_margin=\u00a0\u00bb|||\u00a0\u00bb custom_padding=\u00a0\u00bb11px|||||\u00a0\u00bb use_custom_width=\u00a0\u00bbon\u00a0\u00bb custom_width_px=\u00a0\u00bb1280px\u00a0\u00bb global_colors_info=\u00a0\u00bb{}\u00a0\u00bb][et_pb_column type=\u00a0\u00bb4_4&Prime; _builder_version=\u00a0\u00bb4.23.1&Prime; background_color=\u00a0\u00bb#5D3723&Prime; custom_padding=\u00a0\u00bb100px|5%|100px|5%\u00a0\u00bb global_colors_info=\u00a0\u00bb{}\u00a0\u00bb custom_padding__hover=\u00a0\u00bb|||\u00a0\u00bb][et_pb_text _builder_version=\u00a0\u00bb4.23.1&Prime; text_font=\u00a0\u00bbMontserrat||||\u00a0\u00bb text_text_color=\u00a0\u00bbrgba(255,255,255,0.8)\u00a0\u00bb text_font_size=\u00a0\u00bb17px\u00a0\u00bb text_line_height=\u00a0\u00bb1.8em\u00a0\u00bb header_font=\u00a0\u00bb||||||||\u00a0\u00bb header_font_size=\u00a0\u00bb24px\u00a0\u00bb header_3_font=\u00a0\u00bb||||||||\u00a0\u00bb background_size=\u00a0\u00bbinitial\u00a0\u00bb background_position=\u00a0\u00bbtop_left\u00a0\u00bb background_repeat=\u00a0\u00bbrepeat\u00a0\u00bb text_orientation=\u00a0\u00bbcenter\u00a0\u00bb background_layout=\u00a0\u00bbdark\u00a0\u00bb max_width=\u00a0\u00bb85%\u00a0\u00bb module_alignment=\u00a0\u00bbcenter\u00a0\u00bb global_colors_info=\u00a0\u00bb{}\u00a0\u00bb]<\/p>\n<h3>\u2193 Quotation request \u2193<\/h3>\n<p>Fill in the form with e-mail and company<\/p>\n<p>[\/et_pb_text][et_pb_contact_form email=\u00a0\u00bbcontact@pystill.com\u00a0\u00bb custom_message=\u00a0\u00bbVous avez re\u00e7u un nouveau message depuis votre site pystill.com||et_pb_line_break_holder||||et_pb_line_break_holder||- E-mail : %%email%%||et_pb_line_break_holder||- Nom soci\u00e9t\u00e9: %%entreprise%%||et_pb_line_break_holder||||et_pb_line_break_holder||Message :||et_pb_line_break_holder||||et_pb_line_break_holder||%%message%%\u00a0\u00bb success_message=\u00a0\u00bbMerci de votre demande et \u00e0 tr\u00e8s bient\u00f4t !\u00a0\u00bb submit_button_text=\u00a0\u00bbEnvoyer \u00e0 l&rsquo;\u00e9quipe PY&rsquo;STILL\u00a0\u00bb _builder_version=\u00a0\u00bb4.23.1&Prime; _module_preset=\u00a0\u00bbdefault\u00a0\u00bb _unique_id=\u00a0\u00bbcb3f7a00-1d80-4ad2-b8dd-7e755d735061&Prime; form_field_text_color=\u00a0\u00bb#261710&Prime; captcha_font=\u00a0\u00bbArial||||||||\u00a0\u00bb captcha_text_color=\u00a0\u00bb#FFFFFF\u00a0\u00bb captcha_font_size=\u00a0\u00bb22px\u00a0\u00bb captcha_letter_spacing=\u00a0\u00bb4px\u00a0\u00bb form_field_font=\u00a0\u00bbBona Nova||||||||\u00a0\u00bb form_field_font_size=\u00a0\u00bb16px\u00a0\u00bb custom_button=\u00a0\u00bbon\u00a0\u00bb button_text_size=\u00a0\u00bb17px\u00a0\u00bb button_text_color=\u00a0\u00bb#EDE9E1&Prime; button_bg_color=\u00a0\u00bb#767622&Prime; button_border_color=\u00a0\u00bbRGBA(255,255,255,0)\u00a0\u00bb button_border_radius=\u00a0\u00bb6px\u00a0\u00bb button_font=\u00a0\u00bbPoppins|||on|||||\u00a0\u00bb button_icon=\u00a0\u00bb&#x49;||divi||400&Prime; global_colors_info=\u00a0\u00bb{}\u00a0\u00bb][et_pb_contact_field field_id=\u00a0\u00bbemail\u00a0\u00bb field_title=\u00a0\u00bbAdresse e-mail\u00a0\u00bb field_type=\u00a0\u00bbemail\u00a0\u00bb _builder_version=\u00a0\u00bb4.23.1&Prime; global_colors_info=\u00a0\u00bb{}\u00a0\u00bb button_text_size__hover_enabled=\u00a0\u00bboff\u00a0\u00bb button_one_text_size__hover_enabled=\u00a0\u00bboff\u00a0\u00bb button_two_text_size__hover_enabled=\u00a0\u00bboff\u00a0\u00bb button_text_color__hover_enabled=\u00a0\u00bboff\u00a0\u00bb button_one_text_color__hover_enabled=\u00a0\u00bboff\u00a0\u00bb button_two_text_color__hover_enabled=\u00a0\u00bboff\u00a0\u00bb button_border_width__hover_enabled=\u00a0\u00bboff\u00a0\u00bb button_one_border_width__hover_enabled=\u00a0\u00bboff\u00a0\u00bb button_two_border_width__hover_enabled=\u00a0\u00bboff\u00a0\u00bb button_border_color__hover_enabled=\u00a0\u00bboff\u00a0\u00bb button_one_border_color__hover_enabled=\u00a0\u00bboff\u00a0\u00bb button_two_border_color__hover_enabled=\u00a0\u00bboff\u00a0\u00bb button_border_radius__hover_enabled=\u00a0\u00bboff\u00a0\u00bb button_one_border_radius__hover_enabled=\u00a0\u00bboff\u00a0\u00bb button_two_border_radius__hover_enabled=\u00a0\u00bboff\u00a0\u00bb button_letter_spacing__hover_enabled=\u00a0\u00bboff\u00a0\u00bb button_one_letter_spacing__hover_enabled=\u00a0\u00bboff\u00a0\u00bb button_two_letter_spacing__hover_enabled=\u00a0\u00bboff\u00a0\u00bb button_bg_color__hover_enabled=\u00a0\u00bboff\u00a0\u00bb button_one_bg_color__hover_enabled=\u00a0\u00bboff\u00a0\u00bb button_two_bg_color__hover_enabled=\u00a0\u00bboff\u00a0\u00bb][\/et_pb_contact_field][et_pb_contact_field field_id=\u00a0\u00bbentreprise\u00a0\u00bb field_title=\u00a0\u00bbNom de votre soci\u00e9t\u00e9\u00a0\u00bb fullwidth_field=\u00a0\u00bbon\u00a0\u00bb _builder_version=\u00a0\u00bb4.23.1&Prime; _module_preset=\u00a0\u00bbdefault\u00a0\u00bb global_colors_info=\u00a0\u00bb{}\u00a0\u00bb][\/et_pb_contact_field][et_pb_contact_field field_id=\u00a0\u00bbmessage\u00a0\u00bb field_title=\u00a0\u00bbMessage avec choix du\/des produits et volumes souhait\u00e9s\u00a0\u00bb field_type=\u00a0\u00bbtext\u00a0\u00bb fullwidth_field=\u00a0\u00bbon\u00a0\u00bb _builder_version=\u00a0\u00bb4.23.1&Prime; global_colors_info=\u00a0\u00bb{}\u00a0\u00bb button_text_size__hover_enabled=\u00a0\u00bboff\u00a0\u00bb button_one_text_size__hover_enabled=\u00a0\u00bboff\u00a0\u00bb button_two_text_size__hover_enabled=\u00a0\u00bboff\u00a0\u00bb button_text_color__hover_enabled=\u00a0\u00bboff\u00a0\u00bb button_one_text_color__hover_enabled=\u00a0\u00bboff\u00a0\u00bb button_two_text_color__hover_enabled=\u00a0\u00bboff\u00a0\u00bb button_border_width__hover_enabled=\u00a0\u00bboff\u00a0\u00bb button_one_border_width__hover_enabled=\u00a0\u00bboff\u00a0\u00bb button_two_border_width__hover_enabled=\u00a0\u00bboff\u00a0\u00bb button_border_color__hover_enabled=\u00a0\u00bboff\u00a0\u00bb button_one_border_color__hover_enabled=\u00a0\u00bboff\u00a0\u00bb button_two_border_color__hover_enabled=\u00a0\u00bboff\u00a0\u00bb button_border_radius__hover_enabled=\u00a0\u00bboff\u00a0\u00bb button_one_border_radius__hover_enabled=\u00a0\u00bboff\u00a0\u00bb button_two_border_radius__hover_enabled=\u00a0\u00bboff\u00a0\u00bb button_letter_spacing__hover_enabled=\u00a0\u00bboff\u00a0\u00bb button_one_letter_spacing__hover_enabled=\u00a0\u00bboff\u00a0\u00bb button_two_letter_spacing__hover_enabled=\u00a0\u00bboff\u00a0\u00bb button_bg_color__hover_enabled=\u00a0\u00bboff\u00a0\u00bb button_one_bg_color__hover_enabled=\u00a0\u00bboff\u00a0\u00bb button_two_bg_color__hover_enabled=\u00a0\u00bboff\u00a0\u00bb][\/et_pb_contact_field][\/et_pb_contact_form][\/et_pb_column][\/et_pb_row][\/et_pb_section]<\/p>","protected":false},"excerpt":{"rendered":"<p>L&rsquo;hydrodistillation au coeur des Pyr\u00e9n\u00e9es Sourcing et Produits Hydrolats de sp\u00e9cialit\u00e9 Nos hydrolats d&rsquo;Hamam\u00e9lis et nos eaux florales de Bleuet sont issus d&rsquo;hydrodistillation. Contrairement \u00e0 la distillation par g\u00e9n\u00e9rateur de vapeur externe d\u00e9di\u00e9e \u00e0 la production d&rsquo;huiles essentielles, ici, l&rsquo;hydrolat n&rsquo;est pas un coproduit de l&rsquo;huile essentielle. La fraction extr\u00eamement faible d&rsquo;huile essentielle contenue dans [&hellip;]<\/p>","protected":false},"author":1,"featured_media":0,"parent":0,"menu_order":0,"comment_status":"closed","ping_status":"closed","template":"","meta":{"_et_pb_use_builder":"on","_et_pb_old_content":"","_et_gb_content_width":"","footnotes":""},"class_list":["post-28962","page","type-page","status-publish","hentry"],"yoast_head":"<!-- This site is optimized with the Yoast SEO plugin v26.8 - https:\/\/yoast.com\/product\/yoast-seo-wordpress\/ -->\n<title>Sourcing &amp; Produits - PY&#039;STILL<\/title>\n<meta name=\"description\" content=\"Produits disponibles pour commandes et \u00e9chantillons. Fabrication \u00e0 la demande avec saisonnalit\u00e9 de nombreuses plantes\" \/>\n<meta name=\"robots\" content=\"index, follow, max-snippet:-1, max-image-preview:large, max-video-preview:-1\" \/>\n<link rel=\"canonical\" href=\"https:\/\/pystill.com\/en\/sourcing-et-produits-hydrolats\/\" \/>\n<meta property=\"og:locale\" content=\"en_GB\" \/>\n<meta property=\"og:type\" content=\"article\" \/>\n<meta property=\"og:title\" content=\"Sourcing &amp; Produits - PY&#039;STILL\" \/>\n<meta property=\"og:description\" content=\"Produits disponibles pour commandes et \u00e9chantillons. Fabrication \u00e0 la demande avec saisonnalit\u00e9 de nombreuses plantes\" \/>\n<meta property=\"og:url\" content=\"https:\/\/pystill.com\/en\/sourcing-et-produits-hydrolats\/\" \/>\n<meta property=\"og:site_name\" content=\"PY&#039;STILL\" \/>\n<meta property=\"article:modified_time\" content=\"2025-06-03T12:38:28+00:00\" \/>\n<meta name=\"twitter:card\" content=\"summary_large_image\" \/>\n<meta name=\"twitter:label1\" content=\"Estimated reading time\" \/>\n\t<meta name=\"twitter:data1\" content=\"3 minutes\" \/>\n<script type=\"application\/ld+json\" class=\"yoast-schema-graph\">{\"@context\":\"https:\/\/schema.org\",\"@graph\":[{\"@type\":\"WebPage\",\"@id\":\"https:\/\/pystill.com\/sourcing-et-produits-hydrolats\",\"url\":\"https:\/\/pystill.com\/sourcing-et-produits-hydrolats\",\"name\":\"Sourcing & Produits - PY&#039;STILL\",\"isPartOf\":{\"@id\":\"https:\/\/pystill.com\/#website\"},\"datePublished\":\"2024-01-11T15:03:12+00:00\",\"dateModified\":\"2025-06-03T12:38:28+00:00\",\"description\":\"Produits disponibles pour commandes et \u00e9chantillons. Fabrication \u00e0 la demande avec saisonnalit\u00e9 de nombreuses plantes\",\"breadcrumb\":{\"@id\":\"https:\/\/pystill.com\/sourcing-et-produits-hydrolats#breadcrumb\"},\"inLanguage\":\"en-GB\",\"potentialAction\":[{\"@type\":\"ReadAction\",\"target\":[\"https:\/\/pystill.com\/sourcing-et-produits-hydrolats\"]}]},{\"@type\":\"BreadcrumbList\",\"@id\":\"https:\/\/pystill.com\/sourcing-et-produits-hydrolats#breadcrumb\",\"itemListElement\":[{\"@type\":\"ListItem\",\"position\":1,\"name\":\"Accueil\",\"item\":\"https:\/\/pystill.com\/\"},{\"@type\":\"ListItem\",\"position\":2,\"name\":\"Sourcing &#038; Produits\"}]},{\"@type\":\"WebSite\",\"@id\":\"https:\/\/pystill.com\/#website\",\"url\":\"https:\/\/pystill.com\/\",\"name\":\"PY'STILL\",\"description\":\"Hydrolats &amp; Ecoextraction\",\"publisher\":{\"@id\":\"https:\/\/pystill.com\/#organization\"},\"potentialAction\":[{\"@type\":\"SearchAction\",\"target\":{\"@type\":\"EntryPoint\",\"urlTemplate\":\"https:\/\/pystill.com\/?s={search_term_string}\"},\"query-input\":{\"@type\":\"PropertyValueSpecification\",\"valueRequired\":true,\"valueName\":\"search_term_string\"}}],\"inLanguage\":\"en-GB\"},{\"@type\":\"Organization\",\"@id\":\"https:\/\/pystill.com\/#organization\",\"name\":\"PY'STILL\",\"url\":\"https:\/\/pystill.com\/\",\"logo\":{\"@type\":\"ImageObject\",\"inLanguage\":\"en-GB\",\"@id\":\"https:\/\/pystill.com\/#\/schema\/logo\/image\/\",\"url\":\"https:\/\/pystill.com\/wp-content\/uploads\/2024\/01\/Logo-Py_still-RVB_BASLINE-Menthe-sclair-scaled.jpg\",\"contentUrl\":\"https:\/\/pystill.com\/wp-content\/uploads\/2024\/01\/Logo-Py_still-RVB_BASLINE-Menthe-sclair-scaled.jpg\",\"width\":2560,\"height\":1440,\"caption\":\"PY'STILL\"},\"image\":{\"@id\":\"https:\/\/pystill.com\/#\/schema\/logo\/image\/\"},\"sameAs\":[\"https:\/\/www.linkedin.com\/in\/adrien-cousy\"]}]}<\/script>\n<!-- \/ Yoast SEO plugin. -->","yoast_head_json":{"title":"Sourcing & Produits - PY&#039;STILL","description":"Produits disponibles pour commandes et \u00e9chantillons. Fabrication \u00e0 la demande avec saisonnalit\u00e9 de nombreuses plantes","robots":{"index":"index","follow":"follow","max-snippet":"max-snippet:-1","max-image-preview":"max-image-preview:large","max-video-preview":"max-video-preview:-1"},"canonical":"https:\/\/pystill.com\/en\/sourcing-et-produits-hydrolats\/","og_locale":"en_GB","og_type":"article","og_title":"Sourcing & Produits - PY&#039;STILL","og_description":"Produits disponibles pour commandes et \u00e9chantillons. Fabrication \u00e0 la demande avec saisonnalit\u00e9 de nombreuses plantes","og_url":"https:\/\/pystill.com\/en\/sourcing-et-produits-hydrolats\/","og_site_name":"PY&#039;STILL","article_modified_time":"2025-06-03T12:38:28+00:00","twitter_card":"summary_large_image","twitter_misc":{"Estimated reading time":"3 minutes"},"schema":{"@context":"https:\/\/schema.org","@graph":[{"@type":"WebPage","@id":"https:\/\/pystill.com\/sourcing-et-produits-hydrolats","url":"https:\/\/pystill.com\/sourcing-et-produits-hydrolats","name":"Sourcing & Produits - PY&#039;STILL","isPartOf":{"@id":"https:\/\/pystill.com\/#website"},"datePublished":"2024-01-11T15:03:12+00:00","dateModified":"2025-06-03T12:38:28+00:00","description":"Produits disponibles pour commandes et \u00e9chantillons. Fabrication \u00e0 la demande avec saisonnalit\u00e9 de nombreuses plantes","breadcrumb":{"@id":"https:\/\/pystill.com\/sourcing-et-produits-hydrolats#breadcrumb"},"inLanguage":"en-GB","potentialAction":[{"@type":"ReadAction","target":["https:\/\/pystill.com\/sourcing-et-produits-hydrolats"]}]},{"@type":"BreadcrumbList","@id":"https:\/\/pystill.com\/sourcing-et-produits-hydrolats#breadcrumb","itemListElement":[{"@type":"ListItem","position":1,"name":"Accueil","item":"https:\/\/pystill.com\/"},{"@type":"ListItem","position":2,"name":"Sourcing &#038; Produits"}]},{"@type":"WebSite","@id":"https:\/\/pystill.com\/#website","url":"https:\/\/pystill.com\/","name":"PY'STILL","description":"Hydrolats &amp; Ecoextraction","publisher":{"@id":"https:\/\/pystill.com\/#organization"},"potentialAction":[{"@type":"SearchAction","target":{"@type":"EntryPoint","urlTemplate":"https:\/\/pystill.com\/?s={search_term_string}"},"query-input":{"@type":"PropertyValueSpecification","valueRequired":true,"valueName":"search_term_string"}}],"inLanguage":"en-GB"},{"@type":"Organization","@id":"https:\/\/pystill.com\/#organization","name":"PY'STILL","url":"https:\/\/pystill.com\/","logo":{"@type":"ImageObject","inLanguage":"en-GB","@id":"https:\/\/pystill.com\/#\/schema\/logo\/image\/","url":"https:\/\/pystill.com\/wp-content\/uploads\/2024\/01\/Logo-Py_still-RVB_BASLINE-Menthe-sclair-scaled.jpg","contentUrl":"https:\/\/pystill.com\/wp-content\/uploads\/2024\/01\/Logo-Py_still-RVB_BASLINE-Menthe-sclair-scaled.jpg","width":2560,"height":1440,"caption":"PY'STILL"},"image":{"@id":"https:\/\/pystill.com\/#\/schema\/logo\/image\/"},"sameAs":["https:\/\/www.linkedin.com\/in\/adrien-cousy"]}]}},"_links":{"self":[{"href":"https:\/\/pystill.com\/en\/wp-json\/wp\/v2\/pages\/28962","targetHints":{"allow":["GET"]}}],"collection":[{"href":"https:\/\/pystill.com\/en\/wp-json\/wp\/v2\/pages"}],"about":[{"href":"https:\/\/pystill.com\/en\/wp-json\/wp\/v2\/types\/page"}],"author":[{"embeddable":true,"href":"https:\/\/pystill.com\/en\/wp-json\/wp\/v2\/users\/1"}],"replies":[{"embeddable":true,"href":"https:\/\/pystill.com\/en\/wp-json\/wp\/v2\/comments?post=28962"}],"version-history":[{"count":15,"href":"https:\/\/pystill.com\/en\/wp-json\/wp\/v2\/pages\/28962\/revisions"}],"predecessor-version":[{"id":29645,"href":"https:\/\/pystill.com\/en\/wp-json\/wp\/v2\/pages\/28962\/revisions\/29645"}],"wp:attachment":[{"href":"https:\/\/pystill.com\/en\/wp-json\/wp\/v2\/media?parent=28962"}],"curies":[{"name":"wp","href":"https:\/\/api.w.org\/{rel}","templated":true}]}}