{"id":28876,"date":"2024-01-11T16:00:49","date_gmt":"2024-01-11T15:00:49","guid":{"rendered":"https:\/\/pystill.com\/?page_id=28876"},"modified":"2025-01-02T17:48:22","modified_gmt":"2025-01-02T16:48:22","slug":"blog-pyrenees","status":"publish","type":"page","link":"https:\/\/pystill.com\/en\/blog-pyrenees","title":{"rendered":"Blog-Pyr\u00e9n\u00e9es"},"content":{"rendered":"<p>[et_pb_section fb_built=\u00a0\u00bb1&Prime; admin_label=\u00a0\u00bbBlog\u00a0\u00bb _builder_version=\u00a0\u00bb4.22.0&Prime; _module_preset=\u00a0\u00bbdefault\u00a0\u00bb background_color=\u00a0\u00bbgcid-28366106-ecf8-496b-97f0-6a9be6882356&Prime; collapsed=\u00a0\u00bbon\u00a0\u00bb global_colors_info=\u00a0\u00bb{%22gcid-28366106-ecf8-496b-97f0-6a9be6882356%22:%91%22background_color%22%93}\u00a0\u00bb][et_pb_row _builder_version=\u00a0\u00bb4.22.0&Prime; _module_preset=\u00a0\u00bbdefault\u00a0\u00bb global_colors_info=\u00a0\u00bb{}\u00a0\u00bb][et_pb_column type=\u00a0\u00bb4_4&Prime; _builder_version=\u00a0\u00bb4.22.0&Prime; _module_preset=\u00a0\u00bbdefault\u00a0\u00bb global_colors_info=\u00a0\u00bb{}\u00a0\u00bb][et_pb_text _builder_version=\u00a0\u00bb4.23.1&Prime; _module_preset=\u00a0\u00bbd45bb12d-6738-4155-9222-ca73ba53c950&Prime; header_font=\u00a0\u00bbBona Nova|700|||||||\u00a0\u00bb header_text_color=\u00a0\u00bbgcid-bfa7fe62-254b-41c2-9e7c-1655cf29ea48&Prime; header_font_size=\u00a0\u00bb39px\u00a0\u00bb global_colors_info=\u00a0\u00bb{%22gcid-bfa7fe62-254b-41c2-9e7c-1655cf29ea48%22:%91%22header_text_color%22%93}\u00a0\u00bb]<\/p>\n<h1>Pyr\u00e9n\u00e9es &#8211; Bagn\u00e8res de Bigorre<\/h1>\n<p>[\/et_pb_text][et_pb_blog posts_number=\u00a0\u00bb9&Prime; excerpt_length=\u00a0\u00bb150&Prime; _builder_version=\u00a0\u00bb4.23.1&Prime; _module_preset=\u00a0\u00bbff7ea74a-81e7-4507-8c4b-e18d7ef97f2d\u00a0\u00bb header_font=\u00a0\u00bbAnek Gurmukhi|600|||||||\u00a0\u00bb header_font_size=\u00a0\u00bb18px\u00a0\u00bb body_font=\u00a0\u00bbBona Nova||on||||||\u00a0\u00bb body_font_size=\u00a0\u00bb16px\u00a0\u00bb border_width_all=\u00a0\u00bb6px\u00a0\u00bb border_color_all=\u00a0\u00bb#5D3723&Prime; box_shadow_style=\u00a0\u00bbpreset1&Prime; locked=\u00a0\u00bboff\u00a0\u00bb global_colors_info=\u00a0\u00bb{%22gcid-bfa7fe62-254b-41c2-9e7c-1655cf29ea48%22:%91%22meta_text_color%22%93}\u00a0\u00bb][\/et_pb_blog][\/et_pb_column][\/et_pb_row][\/et_pb_section][et_pb_section fb_built=\u00a0\u00bb1&Prime; admin_label=\u00a0\u00bbSubscribe\u00a0\u00bb _builder_version=\u00a0\u00bb4.22.0&Prime; _module_preset=\u00a0\u00bbdefault\u00a0\u00bb background_color=\u00a0\u00bbgcid-28366106-ecf8-496b-97f0-6a9be6882356&Prime; locked=\u00a0\u00bboff\u00a0\u00bb collapsed=\u00a0\u00bbon\u00a0\u00bb global_colors_info=\u00a0\u00bb{%22gcid-28366106-ecf8-496b-97f0-6a9be6882356%22:%91%22background_color%22%93}\u00a0\u00bb][et_pb_row column_structure=\u00a0\u00bb3_5,2_5&Prime; make_equal=\u00a0\u00bbon\u00a0\u00bb _builder_version=\u00a0\u00bb4.23.1&Prime; _module_preset=\u00a0\u00bbdefault\u00a0\u00bb background_enable_image=\u00a0\u00bboff\u00a0\u00bb width=\u00a0\u00bb89%\u00a0\u00bb max_width=\u00a0\u00bb1260px\u00a0\u00bb global_colors_info=\u00a0\u00bb{}\u00a0\u00bb][et_pb_column type=\u00a0\u00bb3_5&Prime; _builder_version=\u00a0\u00bb4.23.1&Prime; _module_preset=\u00a0\u00bbdefault\u00a0\u00bb background_image=\u00a0\u00bbhttps:\/\/pystill.com\/wp-content\/uploads\/2024\/01\/bird-5465145_1920.jpg\u00a0\u00bb border_radii=\u00a0\u00bbon|20px|20px|20px|20px\u00a0\u00bb global_colors_info=\u00a0\u00bb{}\u00a0\u00bb][et_pb_divider show_divider=\u00a0\u00bboff\u00a0\u00bb _builder_version=\u00a0\u00bb4.23.1&Prime; _module_preset=\u00a0\u00bbdefault\u00a0\u00bb background_enable_image=\u00a0\u00bboff\u00a0\u00bb height_tablet=\u00a0\u00bb40vw\u00a0\u00bb height_phone=\u00a0\u00bb40vw\u00a0\u00bb height_last_edited=\u00a0\u00bbon|desktop\u00a0\u00bb locked=\u00a0\u00bboff\u00a0\u00bb global_colors_info=\u00a0\u00bb{}\u00a0\u00bb][\/et_pb_divider][\/et_pb_column][et_pb_column type=\u00a0\u00bb2_5&Prime; _builder_version=\u00a0\u00bb4.22.0&Prime; _module_preset=\u00a0\u00bbdefault\u00a0\u00bb custom_padding=\u00a0\u00bb60px||60px||true|false\u00a0\u00bb custom_padding_tablet=\u00a0\u00bb0px||0px||true|false\u00a0\u00bb custom_padding_phone=\u00a0\u00bb0px||0px||true|false\u00a0\u00bb custom_padding_last_edited=\u00a0\u00bbon|desktop\u00a0\u00bb global_colors_info=\u00a0\u00bb{}\u00a0\u00bb][et_pb_text _builder_version=\u00a0\u00bb4.22.0&Prime; _module_preset=\u00a0\u00bb29879c8a-fca3-434b-88e4-014bb362111d\u00a0\u00bb header_2_text_color=\u00a0\u00bb#FFFFFF\u00a0\u00bb custom_margin=\u00a0\u00bb||10px||false|false\u00a0\u00bb inline_fonts=\u00a0\u00bbBona Nova\u00a0\u00bb global_colors_info=\u00a0\u00bb{}\u00a0\u00bb]<\/p>\n<h2><span style=\"font-family: 'Bona Nova';\">Join Our Newsletter<\/span><\/h2>\n<p>[\/et_pb_text][et_pb_text _builder_version=\u00a0\u00bb4.22.0&Prime; _module_preset=\u00a0\u00bb52cdc1f1-b7c8-4a05-aea1-8569b70fea53&Prime; text_text_color=\u00a0\u00bb#FFFFFF\u00a0\u00bb global_colors_info=\u00a0\u00bb{}\u00a0\u00bb]<\/p>\n<p>To get news from our living space<\/p>\n<p>[\/et_pb_text][et_pb_contact_form email=\u00a0\u00bbcontact@pystill.com\u00a0\u00bb custom_message=\u00a0\u00bbVous avez re\u00e7u une nouvelle demande d&rsquo;abonnement \u00e0 la newsletter du blog pystill.com||et_pb_line_break_holder||||et_pb_line_break_holder||- E-mail : %%email%%||et_pb_line_break_holder||||et_pb_line_break_holder||Message :||et_pb_line_break_holder||||et_pb_line_break_holder||%%message%%\u00a0\u00bb success_message=\u00a0\u00bbWell done ! You will get news from PY&rsquo;STILL \ud83d\ude42\u00a0\u00bb submit_button_text=\u00a0\u00bbKEEP IN TOUCH\u00a0\u00bb _builder_version=\u00a0\u00bb4.23.1&Prime; _module_preset=\u00a0\u00bbdefault\u00a0\u00bb _unique_id=\u00a0\u00bb9df240b7-2863-4a86-a11b-80bb745e7cfe\u00a0\u00bb form_field_background_color=\u00a0\u00bbRGBA(255,255,255,0)\u00a0\u00bb captcha_font_size=\u00a0\u00bb18px\u00a0\u00bb captcha_letter_spacing=\u00a0\u00bb3px\u00a0\u00bb form_field_font=\u00a0\u00bbMontserrat||||||||\u00a0\u00bb form_field_font_size=\u00a0\u00bb22px\u00a0\u00bb custom_button=\u00a0\u00bbon\u00a0\u00bb button_text_size=\u00a0\u00bb17px\u00a0\u00bb button_text_color=\u00a0\u00bb#FFFFFF\u00a0\u00bb button_bg_color=\u00a0\u00bb#ff5a17&Prime; button_border_radius=\u00a0\u00bb25px\u00a0\u00bb button_letter_spacing=\u00a0\u00bb2px\u00a0\u00bb button_font=\u00a0\u00bbPoppins||||||||\u00a0\u00bb border_width_all=\u00a0\u00bb2px\u00a0\u00bb border_color_all=\u00a0\u00bb#FFFFFF\u00a0\u00bb global_colors_info=\u00a0\u00bb{}\u00a0\u00bb][et_pb_contact_field field_id=\u00a0\u00bbemail\u00a0\u00bb field_title=\u00a0\u00bbe-mail\u00a0\u00bb field_type=\u00a0\u00bbemail\u00a0\u00bb _builder_version=\u00a0\u00bb4.23.1&Prime; global_colors_info=\u00a0\u00bb{}\u00a0\u00bb button_text_size__hover_enabled=\u00a0\u00bboff\u00a0\u00bb button_one_text_size__hover_enabled=\u00a0\u00bboff\u00a0\u00bb button_two_text_size__hover_enabled=\u00a0\u00bboff\u00a0\u00bb button_text_color__hover_enabled=\u00a0\u00bboff\u00a0\u00bb button_one_text_color__hover_enabled=\u00a0\u00bboff\u00a0\u00bb button_two_text_color__hover_enabled=\u00a0\u00bboff\u00a0\u00bb button_border_width__hover_enabled=\u00a0\u00bboff\u00a0\u00bb button_one_border_width__hover_enabled=\u00a0\u00bboff\u00a0\u00bb button_two_border_width__hover_enabled=\u00a0\u00bboff\u00a0\u00bb button_border_color__hover_enabled=\u00a0\u00bboff\u00a0\u00bb button_one_border_color__hover_enabled=\u00a0\u00bboff\u00a0\u00bb button_two_border_color__hover_enabled=\u00a0\u00bboff\u00a0\u00bb button_border_radius__hover_enabled=\u00a0\u00bboff\u00a0\u00bb button_one_border_radius__hover_enabled=\u00a0\u00bboff\u00a0\u00bb button_two_border_radius__hover_enabled=\u00a0\u00bboff\u00a0\u00bb button_letter_spacing__hover_enabled=\u00a0\u00bboff\u00a0\u00bb button_one_letter_spacing__hover_enabled=\u00a0\u00bboff\u00a0\u00bb button_two_letter_spacing__hover_enabled=\u00a0\u00bboff\u00a0\u00bb button_bg_color__hover_enabled=\u00a0\u00bboff\u00a0\u00bb button_one_bg_color__hover_enabled=\u00a0\u00bboff\u00a0\u00bb button_two_bg_color__hover_enabled=\u00a0\u00bboff\u00a0\u00bb][\/et_pb_contact_field][et_pb_contact_field field_id=\u00a0\u00bbmessage\u00a0\u00bb field_title=\u00a0\u00bbMessage \u00e9ventuel\u00a0\u00bb field_type=\u00a0\u00bbtext\u00a0\u00bb fullwidth_field=\u00a0\u00bbon\u00a0\u00bb _builder_version=\u00a0\u00bb4.23.1&Prime; global_colors_info=\u00a0\u00bb{}\u00a0\u00bb button_text_size__hover_enabled=\u00a0\u00bboff\u00a0\u00bb button_one_text_size__hover_enabled=\u00a0\u00bboff\u00a0\u00bb button_two_text_size__hover_enabled=\u00a0\u00bboff\u00a0\u00bb button_text_color__hover_enabled=\u00a0\u00bboff\u00a0\u00bb button_one_text_color__hover_enabled=\u00a0\u00bboff\u00a0\u00bb button_two_text_color__hover_enabled=\u00a0\u00bboff\u00a0\u00bb button_border_width__hover_enabled=\u00a0\u00bboff\u00a0\u00bb button_one_border_width__hover_enabled=\u00a0\u00bboff\u00a0\u00bb button_two_border_width__hover_enabled=\u00a0\u00bboff\u00a0\u00bb button_border_color__hover_enabled=\u00a0\u00bboff\u00a0\u00bb button_one_border_color__hover_enabled=\u00a0\u00bboff\u00a0\u00bb button_two_border_color__hover_enabled=\u00a0\u00bboff\u00a0\u00bb button_border_radius__hover_enabled=\u00a0\u00bboff\u00a0\u00bb button_one_border_radius__hover_enabled=\u00a0\u00bboff\u00a0\u00bb button_two_border_radius__hover_enabled=\u00a0\u00bboff\u00a0\u00bb button_letter_spacing__hover_enabled=\u00a0\u00bboff\u00a0\u00bb button_one_letter_spacing__hover_enabled=\u00a0\u00bboff\u00a0\u00bb button_two_letter_spacing__hover_enabled=\u00a0\u00bboff\u00a0\u00bb button_bg_color__hover_enabled=\u00a0\u00bboff\u00a0\u00bb button_one_bg_color__hover_enabled=\u00a0\u00bboff\u00a0\u00bb button_two_bg_color__hover_enabled=\u00a0\u00bboff\u00a0\u00bb][\/et_pb_contact_field][\/et_pb_contact_form][\/et_pb_column][\/et_pb_row][\/et_pb_section]<\/p>","protected":false},"excerpt":{"rendered":"<p>Pyr\u00e9n\u00e9es &#8211; Bagn\u00e8res de BigorreJoin Our NewsletterTo get news from our living space<\/p>","protected":false},"author":1,"featured_media":29362,"parent":0,"menu_order":0,"comment_status":"closed","ping_status":"closed","template":"","meta":{"_et_pb_use_builder":"on","_et_pb_old_content":"","_et_gb_content_width":"","footnotes":""},"class_list":["post-28876","page","type-page","status-publish","has-post-thumbnail","hentry"],"yoast_head":"<!-- This site is optimized with the Yoast SEO plugin v26.8 - https:\/\/yoast.com\/product\/yoast-seo-wordpress\/ -->\n<title>Blog-Pyr\u00e9n\u00e9es - PY&#039;STILL<\/title>\n<meta name=\"description\" content=\"Blog li\u00e9 au site PYSTILL, Bagn\u00e8res de Bigorre. Articles sur la Nature (Monde v\u00e9g\u00e9tal, animal, \u00e9cosyst\u00e8mes) et sur les produits (hydrolats) ou leur mode de production\" \/>\n<meta name=\"robots\" content=\"index, follow, max-snippet:-1, max-image-preview:large, max-video-preview:-1\" \/>\n<link rel=\"canonical\" href=\"https:\/\/pystill.com\/en\/blog-pyrenees\/\" \/>\n<meta property=\"og:locale\" content=\"en_GB\" \/>\n<meta property=\"og:type\" content=\"article\" \/>\n<meta property=\"og:title\" content=\"Blog-Pyr\u00e9n\u00e9es - PY&#039;STILL\" \/>\n<meta property=\"og:description\" content=\"Blog li\u00e9 au site PYSTILL, Bagn\u00e8res de Bigorre. Articles sur la Nature (Monde v\u00e9g\u00e9tal, animal, \u00e9cosyst\u00e8mes) et sur les produits (hydrolats) ou leur mode de production\" \/>\n<meta property=\"og:url\" content=\"https:\/\/pystill.com\/en\/blog-pyrenees\/\" \/>\n<meta property=\"og:site_name\" content=\"PY&#039;STILL\" \/>\n<meta property=\"article:modified_time\" content=\"2025-01-02T16:48:22+00:00\" \/>\n<meta property=\"og:image\" content=\"https:\/\/pystill.com\/wp-content\/uploads\/2024\/01\/bird-5465145_1920-1.jpg\" \/>\n\t<meta property=\"og:image:width\" content=\"1920\" \/>\n\t<meta property=\"og:image:height\" content=\"1280\" \/>\n\t<meta property=\"og:image:type\" content=\"image\/jpeg\" \/>\n<meta name=\"twitter:card\" content=\"summary_large_image\" \/>\n<meta name=\"twitter:label1\" content=\"Estimated reading time\" \/>\n\t<meta name=\"twitter:data1\" content=\"3 minutes\" \/>\n<script type=\"application\/ld+json\" class=\"yoast-schema-graph\">{\"@context\":\"https:\/\/schema.org\",\"@graph\":[{\"@type\":\"WebPage\",\"@id\":\"https:\/\/pystill.com\/blog-pyrenees\",\"url\":\"https:\/\/pystill.com\/blog-pyrenees\",\"name\":\"Blog-Pyr\u00e9n\u00e9es - PY&#039;STILL\",\"isPartOf\":{\"@id\":\"https:\/\/pystill.com\/#website\"},\"primaryImageOfPage\":{\"@id\":\"https:\/\/pystill.com\/blog-pyrenees#primaryimage\"},\"image\":{\"@id\":\"https:\/\/pystill.com\/blog-pyrenees#primaryimage\"},\"thumbnailUrl\":\"https:\/\/pystill.com\/wp-content\/uploads\/2024\/01\/bird-5465145_1920-1.jpg\",\"datePublished\":\"2024-01-11T15:00:49+00:00\",\"dateModified\":\"2025-01-02T16:48:22+00:00\",\"description\":\"Blog li\u00e9 au site PYSTILL, Bagn\u00e8res de Bigorre. Articles sur la Nature (Monde v\u00e9g\u00e9tal, animal, \u00e9cosyst\u00e8mes) et sur les produits (hydrolats) ou leur mode de production\",\"breadcrumb\":{\"@id\":\"https:\/\/pystill.com\/blog-pyrenees#breadcrumb\"},\"inLanguage\":\"en-GB\",\"potentialAction\":[{\"@type\":\"ReadAction\",\"target\":[\"https:\/\/pystill.com\/blog-pyrenees\"]}]},{\"@type\":\"ImageObject\",\"inLanguage\":\"en-GB\",\"@id\":\"https:\/\/pystill.com\/blog-pyrenees#primaryimage\",\"url\":\"https:\/\/pystill.com\/wp-content\/uploads\/2024\/01\/bird-5465145_1920-1.jpg\",\"contentUrl\":\"https:\/\/pystill.com\/wp-content\/uploads\/2024\/01\/bird-5465145_1920-1.jpg\",\"width\":1920,\"height\":1280,\"caption\":\"Milan\"},{\"@type\":\"BreadcrumbList\",\"@id\":\"https:\/\/pystill.com\/blog-pyrenees#breadcrumb\",\"itemListElement\":[{\"@type\":\"ListItem\",\"position\":1,\"name\":\"Accueil\",\"item\":\"https:\/\/pystill.com\/\"},{\"@type\":\"ListItem\",\"position\":2,\"name\":\"Blog-Pyr\u00e9n\u00e9es\"}]},{\"@type\":\"WebSite\",\"@id\":\"https:\/\/pystill.com\/#website\",\"url\":\"https:\/\/pystill.com\/\",\"name\":\"PY'STILL\",\"description\":\"Hydrolats &amp; Ecoextraction\",\"publisher\":{\"@id\":\"https:\/\/pystill.com\/#organization\"},\"potentialAction\":[{\"@type\":\"SearchAction\",\"target\":{\"@type\":\"EntryPoint\",\"urlTemplate\":\"https:\/\/pystill.com\/?s={search_term_string}\"},\"query-input\":{\"@type\":\"PropertyValueSpecification\",\"valueRequired\":true,\"valueName\":\"search_term_string\"}}],\"inLanguage\":\"en-GB\"},{\"@type\":\"Organization\",\"@id\":\"https:\/\/pystill.com\/#organization\",\"name\":\"PY'STILL\",\"url\":\"https:\/\/pystill.com\/\",\"logo\":{\"@type\":\"ImageObject\",\"inLanguage\":\"en-GB\",\"@id\":\"https:\/\/pystill.com\/#\/schema\/logo\/image\/\",\"url\":\"https:\/\/pystill.com\/wp-content\/uploads\/2024\/01\/Logo-Py_still-RVB_BASLINE-Menthe-sclair-scaled.jpg\",\"contentUrl\":\"https:\/\/pystill.com\/wp-content\/uploads\/2024\/01\/Logo-Py_still-RVB_BASLINE-Menthe-sclair-scaled.jpg\",\"width\":2560,\"height\":1440,\"caption\":\"PY'STILL\"},\"image\":{\"@id\":\"https:\/\/pystill.com\/#\/schema\/logo\/image\/\"},\"sameAs\":[\"https:\/\/www.linkedin.com\/in\/adrien-cousy\"]}]}<\/script>\n<!-- \/ Yoast SEO plugin. -->","yoast_head_json":{"title":"Blog-Pyr\u00e9n\u00e9es - PY&#039;STILL","description":"Blog li\u00e9 au site PYSTILL, Bagn\u00e8res de Bigorre. Articles sur la Nature (Monde v\u00e9g\u00e9tal, animal, \u00e9cosyst\u00e8mes) et sur les produits (hydrolats) ou leur mode de production","robots":{"index":"index","follow":"follow","max-snippet":"max-snippet:-1","max-image-preview":"max-image-preview:large","max-video-preview":"max-video-preview:-1"},"canonical":"https:\/\/pystill.com\/en\/blog-pyrenees\/","og_locale":"en_GB","og_type":"article","og_title":"Blog-Pyr\u00e9n\u00e9es - PY&#039;STILL","og_description":"Blog li\u00e9 au site PYSTILL, Bagn\u00e8res de Bigorre. Articles sur la Nature (Monde v\u00e9g\u00e9tal, animal, \u00e9cosyst\u00e8mes) et sur les produits (hydrolats) ou leur mode de production","og_url":"https:\/\/pystill.com\/en\/blog-pyrenees\/","og_site_name":"PY&#039;STILL","article_modified_time":"2025-01-02T16:48:22+00:00","og_image":[{"width":1920,"height":1280,"url":"https:\/\/pystill.com\/wp-content\/uploads\/2024\/01\/bird-5465145_1920-1.jpg","type":"image\/jpeg"}],"twitter_card":"summary_large_image","twitter_misc":{"Estimated reading time":"3 minutes"},"schema":{"@context":"https:\/\/schema.org","@graph":[{"@type":"WebPage","@id":"https:\/\/pystill.com\/blog-pyrenees","url":"https:\/\/pystill.com\/blog-pyrenees","name":"Blog-Pyr\u00e9n\u00e9es - PY&#039;STILL","isPartOf":{"@id":"https:\/\/pystill.com\/#website"},"primaryImageOfPage":{"@id":"https:\/\/pystill.com\/blog-pyrenees#primaryimage"},"image":{"@id":"https:\/\/pystill.com\/blog-pyrenees#primaryimage"},"thumbnailUrl":"https:\/\/pystill.com\/wp-content\/uploads\/2024\/01\/bird-5465145_1920-1.jpg","datePublished":"2024-01-11T15:00:49+00:00","dateModified":"2025-01-02T16:48:22+00:00","description":"Blog li\u00e9 au site PYSTILL, Bagn\u00e8res de Bigorre. Articles sur la Nature (Monde v\u00e9g\u00e9tal, animal, \u00e9cosyst\u00e8mes) et sur les produits (hydrolats) ou leur mode de production","breadcrumb":{"@id":"https:\/\/pystill.com\/blog-pyrenees#breadcrumb"},"inLanguage":"en-GB","potentialAction":[{"@type":"ReadAction","target":["https:\/\/pystill.com\/blog-pyrenees"]}]},{"@type":"ImageObject","inLanguage":"en-GB","@id":"https:\/\/pystill.com\/blog-pyrenees#primaryimage","url":"https:\/\/pystill.com\/wp-content\/uploads\/2024\/01\/bird-5465145_1920-1.jpg","contentUrl":"https:\/\/pystill.com\/wp-content\/uploads\/2024\/01\/bird-5465145_1920-1.jpg","width":1920,"height":1280,"caption":"Milan"},{"@type":"BreadcrumbList","@id":"https:\/\/pystill.com\/blog-pyrenees#breadcrumb","itemListElement":[{"@type":"ListItem","position":1,"name":"Accueil","item":"https:\/\/pystill.com\/"},{"@type":"ListItem","position":2,"name":"Blog-Pyr\u00e9n\u00e9es"}]},{"@type":"WebSite","@id":"https:\/\/pystill.com\/#website","url":"https:\/\/pystill.com\/","name":"PY'STILL","description":"Hydrolats &amp; Ecoextraction","publisher":{"@id":"https:\/\/pystill.com\/#organization"},"potentialAction":[{"@type":"SearchAction","target":{"@type":"EntryPoint","urlTemplate":"https:\/\/pystill.com\/?s={search_term_string}"},"query-input":{"@type":"PropertyValueSpecification","valueRequired":true,"valueName":"search_term_string"}}],"inLanguage":"en-GB"},{"@type":"Organization","@id":"https:\/\/pystill.com\/#organization","name":"PY'STILL","url":"https:\/\/pystill.com\/","logo":{"@type":"ImageObject","inLanguage":"en-GB","@id":"https:\/\/pystill.com\/#\/schema\/logo\/image\/","url":"https:\/\/pystill.com\/wp-content\/uploads\/2024\/01\/Logo-Py_still-RVB_BASLINE-Menthe-sclair-scaled.jpg","contentUrl":"https:\/\/pystill.com\/wp-content\/uploads\/2024\/01\/Logo-Py_still-RVB_BASLINE-Menthe-sclair-scaled.jpg","width":2560,"height":1440,"caption":"PY'STILL"},"image":{"@id":"https:\/\/pystill.com\/#\/schema\/logo\/image\/"},"sameAs":["https:\/\/www.linkedin.com\/in\/adrien-cousy"]}]}},"_links":{"self":[{"href":"https:\/\/pystill.com\/en\/wp-json\/wp\/v2\/pages\/28876","targetHints":{"allow":["GET"]}}],"collection":[{"href":"https:\/\/pystill.com\/en\/wp-json\/wp\/v2\/pages"}],"about":[{"href":"https:\/\/pystill.com\/en\/wp-json\/wp\/v2\/types\/page"}],"author":[{"embeddable":true,"href":"https:\/\/pystill.com\/en\/wp-json\/wp\/v2\/users\/1"}],"replies":[{"embeddable":true,"href":"https:\/\/pystill.com\/en\/wp-json\/wp\/v2\/comments?post=28876"}],"version-history":[{"count":3,"href":"https:\/\/pystill.com\/en\/wp-json\/wp\/v2\/pages\/28876\/revisions"}],"predecessor-version":[{"id":29590,"href":"https:\/\/pystill.com\/en\/wp-json\/wp\/v2\/pages\/28876\/revisions\/29590"}],"wp:featuredmedia":[{"embeddable":true,"href":"https:\/\/pystill.com\/en\/wp-json\/wp\/v2\/media\/29362"}],"wp:attachment":[{"href":"https:\/\/pystill.com\/en\/wp-json\/wp\/v2\/media?parent=28876"}],"curies":[{"name":"wp","href":"https:\/\/api.w.org\/{rel}","templated":true}]}}